{"id":222,"date":"2023-03-26T15:57:45","date_gmt":"2023-03-26T15:57:45","guid":{"rendered":"https:\/\/hemofiiliapaev.ee\/?page_id=222"},"modified":"2025-04-16T19:38:33","modified_gmt":"2025-04-16T19:38:33","slug":"patsiendile","status":"publish","type":"page","link":"https:\/\/hemofiiliapaev.ee\/en\/patsiendile\/","title":{"rendered":"Kui kahtled, kontrolli!"},"content":{"rendered":"\n<div style=\"height:16px\" aria-hidden=\"true\" class=\"wp-block-spacer\"><\/div>\n\n\n\n<h2 class=\"wp-block-heading\"><mark style=\"background-color:rgba(0, 0, 0, 0)\" class=\"has-inline-color has-vivid-red-color\"><strong>Veritsush\u00e4ire kahtluse korral on k\u00f5ige olulisem hoolikalt l\u00e4bi m\u00f5elda,  kas ja kui palju on varasemalt veritsusprobleeme<\/strong> esinenud.<\/mark><\/h2>\n\n\n\n<div style=\"height:16px\" aria-hidden=\"true\" class=\"wp-block-spacer\"><\/div>\n\n\n\n<p><strong>Nii meestele kui naistele sobivad l\u00e4bim\u00f5tlemiseks j\u00e4rgmised k\u00fcsimused:<\/strong><\/p>\n\n\n\n<p><strong><mark style=\"background-color:rgba(0, 0, 0, 0)\" class=\"has-inline-color has-vivid-red-color\">1. Kas olete kunagi vajanud arsti konsultatsiooni v\u00f5i ravi ebaharilikult pika veritsuse t\u00f5ttu?<\/mark><\/strong><\/p>\n\n\n\n<p>N\u00e4iteks:<\/p>\n\n\n\n<ul class=\"wp-block-list\">\n<li>ninaverejooks, mis kestab kauem kui 10 minutit<\/li>\n\n\n\n<li>v\u00e4ikese sissel\u00f5ike v\u00f5i traumaga kaasnev v\u00e4ga pikk veritsus (nt habeme ajamisel v\u00f5i raseerimisel tekkivaid sissel\u00f5ikamisi peate plaasterdama)<\/li>\n\n\n\n<li>vereanal\u00fc\u00fcsi v\u00f5tmise j\u00e4rgselt peate plaastrit pikalt peal hoidma, tavaliselt tekib verev\u00f5tukohale suur sinikas<\/li>\n<\/ul>\n\n\n\n<p><mark style=\"background-color:rgba(0, 0, 0, 0)\" class=\"has-inline-color has-vivid-red-color\"><strong>2. Kas olete m\u00e4rganud \u00fcle 2 cm suuruste sinikate\/verevalumite ilmumist nahale ilma eelneva trauma v\u00f5i tugeva muljumiseta?<\/strong><\/mark><\/p>\n\n\n\n<div style=\"height:17px\" aria-hidden=\"true\" class=\"wp-block-spacer\"><\/div>\n\n\n\n<p><mark style=\"background-color:rgba(0, 0, 0, 0)\" class=\"has-inline-color has-vivid-red-color\"><strong>3. Kas vahetult p\u00e4rast hamba eemaldamist (v\u00e4ljat\u00f5mbamist) on olnud pikaajalist verejooksu v\u00f5i hiljem kodus tekkinud veritsus, mist\u00f5ttu pidite p\u00f6\u00f6rduma tagasi hambaarstile, perearstile v\u00f5i EMO-sse?<\/strong><\/mark><\/p>\n\n\n\n<div style=\"height:12px\" aria-hidden=\"true\" class=\"wp-block-spacer\"><\/div>\n\n\n\n<p><strong><mark style=\"background-color:rgba(0, 0, 0, 0)\" class=\"has-inline-color has-vivid-red-color\">4. Kas teil on kirurgilise protseduuri\/operatsiooni ajal v\u00f5i j\u00e4rel esinenud \u00fclem\u00e4\u00e4rast verejooksu?<\/mark><\/strong><\/p>\n\n\n\n<p>N\u00e4iteks:<\/p>\n\n\n\n<ul class=\"wp-block-list\">\n<li>mandlite eemaldus operatsioon oli vererohke v\u00f5i pidite j\u00e4rgnevatel p\u00e4eval korduvalt tagasi haiglasse p\u00f6\u00f6rduma<\/li>\n\n\n\n<li>teil oli operatsioon, mille kulges ebatavaliselt raske verejooksuga ning mille t\u00f5ttu vajasite vere\u00fclekannet<\/li>\n\n\n\n<li>teil oli protseduur, mis oli planeeritud ambulatoorse protseduurina, kuid veritsuse t\u00f5ttu vajasite pikemalt haiglas j\u00e4lgimist v\u00f5i hospitaliseerimist<\/li>\n<\/ul>\n\n\n\n<div style=\"height:27px\" aria-hidden=\"true\" class=\"wp-block-spacer\"><\/div>\n\n\n\n<p><strong><mark style=\"background-color:rgba(0, 0, 0, 0)\" class=\"has-inline-color has-vivid-red-color\">5. Kas teie peres on kellelgi diagnoositud veritsushaigus v\u00f5i on kahtlus sellele (nt hemofiilia, von Willebrandi t\u00f5bi vms)?<\/mark><\/strong><\/p>\n\n\n\n<p><\/p>\n\n\n\n<div style=\"height:71px\" aria-hidden=\"true\" class=\"wp-block-spacer\"><\/div>\n\n\n\n<p><strong>Lisak\u00fcsimused naistele :<\/strong><\/p>\n\n\n\n<p><strong><mark style=\"background-color:rgba(0, 0, 0, 0)\" class=\"has-inline-color has-vivid-red-color\">6. Kas olete kunagi <strong><mark style=\"background-color:rgba(0, 0, 0, 0)\" class=\"has-inline-color has-vivid-red-color\">vajanud arsti konsultatsiooni v\u00f5i rav<\/mark><\/strong>i pika v\u00f5i vererohke menstruatsiooni t\u00f5ttu<\/mark><\/strong><\/p>\n\n\n\n<p>Verejooks on rohke, kui vastate jaatavalt v\u00e4hemalt \u00fchele allolevale k\u00fcsimusele:<\/p>\n\n\n\n<ul class=\"wp-block-list\">\n<li>kasutate p\u00e4evade ajal topeltkaitset (nii tampooni kui sidet)?<\/li>\n\n\n\n<li>peate p\u00e4evade ajal sidemeid vahetama sagedamini kui 2 tunni tagant?<\/li>\n\n\n\n<li>p\u00e4evade ajal m\u00e4rkate sageli ka suuri, v\u00e4hemalt 2-eurose m\u00fcndi suuruseid vereh\u00fc\u00fcbeid?<\/li>\n\n\n\n<li>olete pidanud lekete t\u00f5ttu korduvalt vahetama riideid v\u00f5i voodipesu?<\/li>\n<\/ul>\n\n\n\n<div style=\"height:27px\" aria-hidden=\"true\" class=\"wp-block-spacer\"><\/div>\n\n\n\n<p><mark style=\"background-color:rgba(0, 0, 0, 0)\" class=\"has-inline-color has-vivid-red-color\"><strong>7. Kas teil oli p\u00e4rast s\u00fcnnitust pikenenud v\u00f5i rohke verejooks?<\/strong><\/mark><\/p>\n\n\n\n<div style=\"height:48px\" aria-hidden=\"true\" class=\"wp-block-spacer\"><\/div>\n\n\n\n<p><strong>Kui vastasite jaatavalt m\u00f5nele eeltoodud k\u00fcsimusele, teil ei ole diagnoositud muud  p\u00f5hjust verejooksuks (m\u00fcoom, endometrioos, pol\u00fcts\u00fcstilised munasarjad, platsenta irdumine vms), te ei tarvita verd vedeldavaid ravimeid ja teil ei ole rasket maksahaigust, tuleks teil p\u00f6\u00f6rduda perarsti vastuv\u00f5tule.  Vajadusel teeb perearst lisaanal\u00fc\u00fcsid ning e-konsultatsiooni hematoloogile, kes otsustab edasise diagnostika vajalikkuse.<\/strong><\/p>\n\n\n\n<p><\/p>\n","protected":false},"excerpt":{"rendered":"<p>Veritsush\u00e4ire kahtluse korral on k\u00f5ige olulisem hoolikalt l\u00e4bi m\u00f5elda, kas ja kui palju on varasemalt veritsusprobleeme esinenud. Nii meestele kui naistele sobivad l\u00e4bim\u00f5tlemiseks j\u00e4rgmised k\u00fcsimused: 1. Kas olete kunagi vajanud arsti konsultatsiooni v\u00f5i ravi ebaharilikult pika veritsuse t\u00f5ttu? N\u00e4iteks: 2. Kas olete m\u00e4rganud \u00fcle 2 cm suuruste sinikate\/verevalumite ilmumist nahale ilma eelneva trauma v\u00f5i tugeva [&hellip;]<\/p>\n","protected":false},"author":1,"featured_media":0,"parent":0,"menu_order":0,"comment_status":"closed","ping_status":"closed","template":"","meta":{"_monsterinsights_skip_tracking":false,"_monsterinsights_sitenote_active":false,"_monsterinsights_sitenote_note":"","_monsterinsights_sitenote_category":0,"footnotes":""},"class_list":["post-222","page","type-page","status-publish","hentry"],"translation":{"provider":"WPGlobus","version":"3.0.0","language":"en","enabled_languages":["et","en"],"languages":{"et":{"title":true,"content":true,"excerpt":false},"en":{"title":false,"content":false,"excerpt":false}}},"_links":{"self":[{"href":"https:\/\/hemofiiliapaev.ee\/en\/wp-json\/wp\/v2\/pages\/222","targetHints":{"allow":["GET"]}}],"collection":[{"href":"https:\/\/hemofiiliapaev.ee\/en\/wp-json\/wp\/v2\/pages"}],"about":[{"href":"https:\/\/hemofiiliapaev.ee\/en\/wp-json\/wp\/v2\/types\/page"}],"author":[{"embeddable":true,"href":"https:\/\/hemofiiliapaev.ee\/en\/wp-json\/wp\/v2\/users\/1"}],"replies":[{"embeddable":true,"href":"https:\/\/hemofiiliapaev.ee\/en\/wp-json\/wp\/v2\/comments?post=222"}],"version-history":[{"count":24,"href":"https:\/\/hemofiiliapaev.ee\/en\/wp-json\/wp\/v2\/pages\/222\/revisions"}],"predecessor-version":[{"id":468,"href":"https:\/\/hemofiiliapaev.ee\/en\/wp-json\/wp\/v2\/pages\/222\/revisions\/468"}],"wp:attachment":[{"href":"https:\/\/hemofiiliapaev.ee\/en\/wp-json\/wp\/v2\/media?parent=222"}],"curies":[{"name":"wp","href":"https:\/\/api.w.org\/{rel}","templated":true}]}}