{"id":224,"date":"2023-03-26T15:57:54","date_gmt":"2023-03-26T15:57:54","guid":{"rendered":"https:\/\/hemofiiliapaev.ee\/?page_id=224"},"modified":"2025-04-16T19:51:53","modified_gmt":"2025-04-16T19:51:53","slug":"kolleegile","status":"publish","type":"page","link":"https:\/\/hemofiiliapaev.ee\/en\/kolleegile\/","title":{"rendered":"Kolleegile"},"content":{"rendered":"\n<div style=\"height:14px\" aria-hidden=\"true\" class=\"wp-block-spacer\"><\/div>\n\n\n\n<h2 class=\"wp-block-heading\"><mark style=\"background-color:rgba(0, 0, 0, 0)\" class=\"has-inline-color has-vivid-red-color\">Veritsush\u00e4ire kahtlusega patsiendi uurimine<\/mark><\/h2>\n\n\n\n<div style=\"height:14px\" aria-hidden=\"true\" class=\"wp-block-spacer\"><\/div>\n\n\n\n<p><mark style=\"background-color:rgba(0, 0, 0, 0)\" class=\"has-inline-color has-vivid-red-color\"><strong>1.<\/strong><b>Anamn<\/b><strong>ees<\/strong> <\/mark>(p\u00f5hjalik anamnees on k\u00f5ige olulisemaks abivahendiks veritsush\u00e4ire kahtlusel)<\/p>\n\n\n\n<ul class=\"wp-block-list\">\n<li><strong>Veritsuste anamnees:<\/strong>\n<ul class=\"wp-block-list\">\n<li>varasemad spontaansed veritsused (imiku-, lapse- ja noorukieas; t\u00e4iskasvanuna)&nbsp;<\/li>\n\n\n\n<li>veritsused on vajanud meditsiinilist sekkumist&nbsp;<\/li>\n\n\n\n<li>varasemate traumade, operatsioonide, hambaraviprotseduuride j\u00e4rgne veritsustendents<\/li>\n\n\n\n<li>rauavaegus anamneesis<\/li>\n<\/ul>\n<\/li>\n<\/ul>\n\n\n\n<ul class=\"wp-block-list\">\n<li><strong>Menstruaalveritsuste anamnees:&nbsp;<\/strong>\n<ul class=\"wp-block-list\">\n<li>lekked, \u00f6ine voodipesu m\u00e4\u00e4rdumine<\/li>\n\n\n\n<li>&gt; 2,5 cm vereh\u00fc\u00fcbed<\/li>\n\n\n\n<li>kestus &gt; 8 p\u00e4eva<\/li>\n\n\n\n<li>h\u00fcgieenivahendi vahetamine sagedamini kui iga 2h tagant<\/li>\n\n\n\n<li>anamneesis h\u00fcsterektoomia<\/li>\n<\/ul>\n<\/li>\n<\/ul>\n\n\n\n<ul class=\"wp-block-list\">\n<li><strong> Rasedusaegne anamnees:&nbsp;<\/strong>\n<ul class=\"wp-block-list\">\n<li>s\u00fcnnitusaegne ja -j\u00e4rgne verejooks<\/li>\n\n\n\n<li>varajased raseduste katkemised<\/li>\n<\/ul>\n<\/li>\n<\/ul>\n\n\n\n<ul class=\"wp-block-list\">\n<li><strong>Patsiendi \u00fcldine tervislik seisund\/ eluanamnees: <\/strong>\n<ul class=\"wp-block-list\">\n<li>maksahaigused, neeruhaigused, kilpn\u00e4\u00e4rme haigused (v\u00f5ivad m\u00f5jutada h\u00fc\u00fcbimiss\u00fcsteemi)<\/li>\n\n\n\n<li>ravimite, toidulisandite, muude ainete tarvitamine\n<ul class=\"wp-block-list\">\n<li>sh. hormonaalsete rasestumisvastaste vahendite tarvitamine (t\u00f5stavad vWF taset ja normaliseerivad hemostaasi)&nbsp;<\/li>\n<\/ul>\n<\/li>\n<\/ul>\n<\/li>\n<\/ul>\n\n\n\n<ul class=\"wp-block-list\">\n<li><strong>Perekondlik anamnees <\/strong>\n<ul class=\"wp-block-list\">\n<li>perekonnas, l\u00e4hisugulastel, vanavanematel on esinenud veritsusprobleeme<\/li>\n<\/ul>\n<\/li>\n<\/ul>\n\n\n\n<div style=\"height:14px\" aria-hidden=\"true\" class=\"wp-block-spacer\"><\/div>\n\n\n\n<p>Veritsush\u00e4ire kahtlusel on arstile v\u00f5i \u00f5ele abiks j\u00e4rgnevad t\u00f6\u00f6vahendid: <strong><mark style=\"background-color:rgba(0, 0, 0, 0)\" class=\"has-inline-color has-vivid-red-color\">ISTH-BAT<\/mark> k\u00fcsimustik (Pilt 1) ning <\/strong><mark style=\"background-color:rgba(0, 0, 0, 0)\" class=\"has-inline-color has-vivid-red-color\"><strong>PBAC<\/strong> diagramm<\/mark> (Pilt 2) veritsuste objektiviseerimiseks.<\/p>\n\n\n\n<div style=\"height:14px\" aria-hidden=\"true\" class=\"wp-block-spacer\"><\/div>\n\n\n\n<figure class=\"wp-block-image size-large\"><img loading=\"lazy\" decoding=\"async\" width=\"1024\" height=\"730\" src=\"https:\/\/hemofiiliapaev.ee\/wp-content\/uploads\/2025\/04\/ISTH_BAT-1024x730.png\" alt=\"\" class=\"wp-image-400\" srcset=\"https:\/\/hemofiiliapaev.ee\/wp-content\/uploads\/2025\/04\/ISTH_BAT-1024x730.png 1024w, https:\/\/hemofiiliapaev.ee\/wp-content\/uploads\/2025\/04\/ISTH_BAT-300x214.png 300w, https:\/\/hemofiiliapaev.ee\/wp-content\/uploads\/2025\/04\/ISTH_BAT-768x548.png 768w, https:\/\/hemofiiliapaev.ee\/wp-content\/uploads\/2025\/04\/ISTH_BAT.png 1192w\" sizes=\"auto, (max-width: 1024px) 100vw, 1024px\" \/><figcaption class=\"wp-element-caption\">Pilt 1. ISTH-BAT k\u00fcsimustik<\/figcaption><\/figure>\n\n\n\n<div style=\"height:14px\" aria-hidden=\"true\" class=\"wp-block-spacer\"><\/div>\n\n\n\n<figure class=\"wp-block-image size-large\"><img loading=\"lazy\" decoding=\"async\" width=\"1024\" height=\"705\" src=\"https:\/\/hemofiiliapaev.ee\/wp-content\/uploads\/2025\/04\/PBAC-1024x705.png\" alt=\"\" class=\"wp-image-403\" srcset=\"https:\/\/hemofiiliapaev.ee\/wp-content\/uploads\/2025\/04\/PBAC-1024x705.png 1024w, https:\/\/hemofiiliapaev.ee\/wp-content\/uploads\/2025\/04\/PBAC-300x207.png 300w, https:\/\/hemofiiliapaev.ee\/wp-content\/uploads\/2025\/04\/PBAC-768x529.png 768w, https:\/\/hemofiiliapaev.ee\/wp-content\/uploads\/2025\/04\/PBAC.png 1201w\" sizes=\"auto, (max-width: 1024px) 100vw, 1024px\" \/><figcaption class=\"wp-element-caption\">Pilt 2. PBAC diagramm t\u00fcdrukutele ja naistele menstruatsiooni ajal kodus t\u00e4itmiseks<\/figcaption><\/figure>\n\n\n\n<div style=\"height:21px\" aria-hidden=\"true\" class=\"wp-block-spacer\"><\/div>\n\n\n\n<p><strong><mark style=\"background-color:rgba(0, 0, 0, 0)\" class=\"has-inline-color has-vivid-red-color\">2. Patsiendi l\u00e4bivaatus<\/mark><\/strong><\/p>\n\n\n\n<p>Veritsuss\u00fcmptomid nahal ja s\u00fcgavamates kudedes: <\/p>\n\n\n\n<ul class=\"wp-block-list\">\n<li>purpur<\/li>\n\n\n\n<li>petehhiad<\/li>\n\n\n\n<li>ekh\u00fcmoosid<\/li>\n\n\n\n<li>hematoomid<\/li>\n\n\n\n<li>viited liigese- v\u00f5i lihastesisestele hematoomidele (turse, valulikkus, funktsioonih\u00e4ire)<\/li>\n<\/ul>\n\n\n\n<div style=\"height:33px\" aria-hidden=\"true\" class=\"wp-block-spacer\"><\/div>\n\n\n\n<p><strong><mark style=\"background-color:rgba(0, 0, 0, 0)\" class=\"has-inline-color has-vivid-red-color\">3. Esmane diagnostika<\/mark><\/strong><\/p>\n\n\n\n<p>Veritsush\u00e4ire kahtlusel esmased laboratoorsed anal\u00fc\u00fcsid:<\/p>\n\n\n\n<ul class=\"wp-block-list\">\n<li> 5-osaline kliiniline veri koos retikulots\u00fc\u00fctidega<\/li>\n\n\n\n<li>AST, ALT, ALP, GGT, Bilirubiin<\/li>\n\n\n\n<li>eGFR, kreatiniin<\/li>\n\n\n\n<li>TSH<\/li>\n\n\n\n<li>CRV<\/li>\n\n\n\n<li>APTT, sPT, TT, Fibrinogeen, DDimeerid<\/li>\n<\/ul>\n\n\n\n<div style=\"height:14px\" aria-hidden=\"true\" class=\"wp-block-spacer\"><\/div>\n\n\n\n<p><mark style=\"background-color:rgba(0, 0, 0, 0)\" class=\"has-inline-color has-vivid-red-color\">T\u00e4psemas diagnostikas on abiks veritsush\u00e4irete diagnoosimise algoritm (Pilt 3)<\/mark><\/p>\n\n\n\n<div style=\"height:14px\" aria-hidden=\"true\" class=\"wp-block-spacer\"><\/div>\n\n\n\n<figure class=\"wp-block-image size-large is-resized\"><img loading=\"lazy\" decoding=\"async\" width=\"1024\" height=\"709\" src=\"https:\/\/hemofiiliapaev.ee\/wp-content\/uploads\/2025\/04\/Kasitlus-1-1024x709.png\" alt=\"\" class=\"wp-image-407\" style=\"width:840px;height:auto\" srcset=\"https:\/\/hemofiiliapaev.ee\/wp-content\/uploads\/2025\/04\/Kasitlus-1-1024x709.png 1024w, https:\/\/hemofiiliapaev.ee\/wp-content\/uploads\/2025\/04\/Kasitlus-1-300x208.png 300w, https:\/\/hemofiiliapaev.ee\/wp-content\/uploads\/2025\/04\/Kasitlus-1-768x532.png 768w, https:\/\/hemofiiliapaev.ee\/wp-content\/uploads\/2025\/04\/Kasitlus-1.png 1209w\" sizes=\"auto, (max-width: 1024px) 100vw, 1024px\" \/><figcaption class=\"wp-element-caption\">Pilt 3. Veritsush\u00e4ire diagnoosimise algoritm<\/figcaption><\/figure>\n\n\n\n<div style=\"height:38px\" aria-hidden=\"true\" class=\"wp-block-spacer\"><\/div>\n\n\n\n<p><\/p>\n\n\n\n<p><mark style=\"background-color:rgba(0, 0, 0, 0)\" class=\"has-inline-color has-vivid-red-color\">4. <strong>Patsiendi suunamine hematoloogi e-konsultatsioonile<\/strong><\/mark><\/p>\n\n\n\n<p>Kui esmase anamneesi, patsiendi l\u00e4bivaatuse ja laboratoorse diagnostika p\u00f5hjal j\u00e4\u00e4b kahtlus veritsush\u00e4irele, tuleb koostada e-konsultatsioon hematoloogile. E-konsultatsiooni p\u00f5hjal otsustab hematoloog, kas ja kui kiiresti antud patsient t\u00e4iendavaid uuringuid vajab. <\/p>\n\n\n\n<div style=\"height:142px\" aria-hidden=\"true\" class=\"wp-block-spacer\"><\/div>\n\n\n\n<p><\/p>\n\n\n\n<p><strong><mark style=\"background-color:rgba(0, 0, 0, 0)\" class=\"has-inline-color has-vivid-red-color\">Veritsush\u00e4irete teemalisi varasemaid seminare saad j\u00e4rele kuulata siit:<\/mark><\/strong><\/p>\n\n\n\n<figure class=\"wp-block-embed is-type-video is-provider-youtube wp-block-embed-youtube wp-embed-aspect-16-9 wp-has-aspect-ratio\"><div class=\"wp-block-embed__wrapper\">\n<iframe loading=\"lazy\" title=\"Hemofiilian\u00e4dal  Koolitus pere  ja naistearstidele\" width=\"810\" height=\"456\" src=\"https:\/\/www.youtube.com\/embed\/VsQef_mxsgk?feature=oembed\" frameborder=\"0\" allow=\"accelerometer; autoplay; clipboard-write; encrypted-media; gyroscope; picture-in-picture; web-share\" referrerpolicy=\"strict-origin-when-cross-origin\" allowfullscreen><\/iframe>\n<\/div><\/figure>\n\n\n\n<p><\/p>\n\n\n\n<p><\/p>\n","protected":false},"excerpt":{"rendered":"<p>Veritsush\u00e4ire kahtlusega patsiendi uurimine 1.Anamnees (p\u00f5hjalik anamnees on k\u00f5ige olulisemaks abivahendiks veritsush\u00e4ire kahtlusel) Veritsush\u00e4ire kahtlusel on arstile v\u00f5i \u00f5ele abiks j\u00e4rgnevad t\u00f6\u00f6vahendid: ISTH-BAT k\u00fcsimustik (Pilt 1) ning PBAC diagramm (Pilt 2) veritsuste objektiviseerimiseks. 2. Patsiendi l\u00e4bivaatus Veritsuss\u00fcmptomid nahal ja s\u00fcgavamates kudedes: 3. Esmane diagnostika Veritsush\u00e4ire kahtlusel esmased laboratoorsed anal\u00fc\u00fcsid: T\u00e4psemas diagnostikas on abiks veritsush\u00e4irete diagnoosimise [&hellip;]<\/p>\n","protected":false},"author":1,"featured_media":0,"parent":0,"menu_order":0,"comment_status":"closed","ping_status":"closed","template":"","meta":{"_monsterinsights_skip_tracking":false,"_monsterinsights_sitenote_active":false,"_monsterinsights_sitenote_note":"","_monsterinsights_sitenote_category":0,"footnotes":""},"class_list":["post-224","page","type-page","status-publish","hentry"],"translation":{"provider":"WPGlobus","version":"3.0.0","language":"en","enabled_languages":["et","en"],"languages":{"et":{"title":true,"content":true,"excerpt":false},"en":{"title":false,"content":false,"excerpt":false}}},"_links":{"self":[{"href":"https:\/\/hemofiiliapaev.ee\/en\/wp-json\/wp\/v2\/pages\/224","targetHints":{"allow":["GET"]}}],"collection":[{"href":"https:\/\/hemofiiliapaev.ee\/en\/wp-json\/wp\/v2\/pages"}],"about":[{"href":"https:\/\/hemofiiliapaev.ee\/en\/wp-json\/wp\/v2\/types\/page"}],"author":[{"embeddable":true,"href":"https:\/\/hemofiiliapaev.ee\/en\/wp-json\/wp\/v2\/users\/1"}],"replies":[{"embeddable":true,"href":"https:\/\/hemofiiliapaev.ee\/en\/wp-json\/wp\/v2\/comments?post=224"}],"version-history":[{"count":27,"href":"https:\/\/hemofiiliapaev.ee\/en\/wp-json\/wp\/v2\/pages\/224\/revisions"}],"predecessor-version":[{"id":481,"href":"https:\/\/hemofiiliapaev.ee\/en\/wp-json\/wp\/v2\/pages\/224\/revisions\/481"}],"wp:attachment":[{"href":"https:\/\/hemofiiliapaev.ee\/en\/wp-json\/wp\/v2\/media?parent=224"}],"curies":[{"name":"wp","href":"https:\/\/api.w.org\/{rel}","templated":true}]}}