{"id":226,"date":"2023-03-26T15:58:07","date_gmt":"2023-03-26T15:58:07","guid":{"rendered":"https:\/\/hemofiiliapaev.ee\/?page_id=226"},"modified":"2025-04-24T05:54:33","modified_gmt":"2025-04-24T05:54:33","slug":"meist","status":"publish","type":"page","link":"https:\/\/hemofiiliapaev.ee\/en\/meist\/","title":{"rendered":"Meist"},"content":{"rendered":"\n<p><\/p>\n\n\n\n<p><strong>P\u00f5hja-Eesti veritsush\u00e4irete \u00fcksus moodustati aastal 2020 <\/strong>eesm\u00e4rgiga tagada veritsush\u00e4iretega patsientide parim v\u00f5imalik diagnostiline ning ravik\u00e4sitlus.<\/p>\n\n\n\n<p>Veritsush\u00e4irete \u00fcksuse alla kuuluv veritsush\u00e4irete t\u00f6\u00f6grupp on tegutsenud eelnevalt juba mitmeid aastaid, kuid alates 2020.a.  on tegu \u00fcksuse ametliku t\u00f6\u00f6grupiga.<\/p>\n\n\n\n<p><strong>Meie peamiseks mureks ning probleemkohaks on alati olnud patsientide v\u00e4hene teadlikkus veritsusprobleemidest<\/strong>, sageli just naiste puhul. <strong>Paljud veritsusprobleemidega naised ei leia teed arstini.<\/strong><\/p>\n\n\n\n<p>Liiga sageli saime patsientidelt tagasisidet: \u201cMinu emal olid vererohked menstruatsioonid, nii on ka minul ja n\u00fc\u00fcd mu t\u00fctrel\u201d. Veritsushaiguse diagnoosi saanutest v\u00e4hesed olid varasemalt m\u00f5elnud, et tegemist v\u00f5iks olla millegi enama, kui lihtsalt perekonnas esinevate vererohkete menstruatsioonidega. <\/p>\n\n\n\n<p>Miks? Sest endiselt p\u00fcsib \u00fchiskonnas arvamus, et veritsushaigused puudutavad ajalooliselt vaid kuninglikust soost inimesi ja\/v\u00f5i mehi.<\/p>\n\n\n\n<p><\/p>\n\n\n\n<div style=\"height:41px\" aria-hidden=\"true\" class=\"wp-block-spacer\"><\/div>\n\n\n\n<figure class=\"wp-block-image size-large\"><img loading=\"lazy\" decoding=\"async\" width=\"1024\" height=\"768\" src=\"https:\/\/hemofiiliapaev.ee\/wp-content\/uploads\/2023\/04\/EAHAD-1024x768.jpg\" alt=\"\" class=\"wp-image-273\" srcset=\"https:\/\/hemofiiliapaev.ee\/wp-content\/uploads\/2023\/04\/EAHAD-1024x768.jpg 1024w, https:\/\/hemofiiliapaev.ee\/wp-content\/uploads\/2023\/04\/EAHAD-300x225.jpg 300w, https:\/\/hemofiiliapaev.ee\/wp-content\/uploads\/2023\/04\/EAHAD-768x576.jpg 768w, https:\/\/hemofiiliapaev.ee\/wp-content\/uploads\/2023\/04\/EAHAD-1536x1152.jpg 1536w, https:\/\/hemofiiliapaev.ee\/wp-content\/uploads\/2023\/04\/EAHAD.jpg 2048w\" sizes=\"auto, (max-width: 1024px) 100vw, 1024px\" \/><\/figure>\n\n\n\n<p><\/p>\n\n\n\n<div style=\"height:19px\" aria-hidden=\"true\" class=\"wp-block-spacer\"><\/div>\n\n\n\n<p><strong><mark style=\"background-color:rgba(0, 0, 0, 0)\" class=\"has-inline-color has-vivid-red-color\">Meie meeskond:<\/mark><\/strong><strong><mark style=\"background-color:rgba(0, 0, 0, 0)\" class=\"has-inline-color has-vivid-red-color\">  <\/mark><\/strong><\/p>\n\n\n\n<p><strong>Dr Mirja Varik<\/strong> &#8211; hematoloog, ainuke meist, kellele on omistatud Eesti Presidendi Teenetem\u00e4rk pikaajalise ja suure p\u00fchendumusega tehtud t\u00f6\u00f6 eest veritsushaiguste diagnostika ja raviv\u00f5imaluste arendamise eest.&nbsp;<\/p>\n\n\n\n<p><strong>Dr Keidi Suursaar<\/strong> &#8211; hematoloog, kes t\u00f6\u00f6grupi liikmena seisab selle eest, et veritsushaiguste osas suureneks teadlikkus ka noore arstkonna hulgas.<\/p>\n\n\n\n<p><strong>Dr Kreete Rahuoja<\/strong> &#8211; hematoloog, kes on oma t\u00f6\u00f6s spetsialiseerunud veritsush\u00e4iretele, pannes r\u00f5hku innovaatilisusele ravi ja patsiendikeskse koost\u00f6\u00f6 valdkonnas.<\/p>\n\n\n\n<p><strong>Dr Marika Pikta<\/strong> &#8211; erialalt laboriarst, kes on p\u00fchendunud veritsush\u00e4irete diagnostika ja ravi j\u00e4lgimise v\u00f5imaluste arendamisele.<\/p>\n\n\n\n<p><strong>Hematoloogia eriala arst-resident Laura Johanna Mettis<\/strong>, kes veritsush\u00e4iretest on eriliselt p\u00fchendunud just von Willebrandi t\u00f5vega patsientidele. <\/p>\n\n\n\n<p><strong>Veritsush\u00e4irete \u00f5ed Anete R\u00e4tto ja Maarja Siirand<\/strong>, kes puutuvad igap\u00e4evaselt kokku veritsush\u00e4irega patsientide n\u00f5ustamise ja raviga, olles \u00fchendavaks l\u00fcliks patsientide ja arstide vahel.<\/p>\n\n\n\n<div style=\"height:11px\" aria-hidden=\"true\" class=\"wp-block-spacer\"><\/div>\n\n\n\n<p><strong><mark style=\"background-color:rgba(0, 0, 0, 0)\" class=\"has-inline-color has-vivid-red-color\">Meie missioon: \u00fcheskoos veritsustevaba elu nimel. V\u00e4\u00e4rtustame oma t\u00f6\u00f6s patsiendikesksust, heaolu, innovaatilisust ja avatust.<\/mark><\/strong><\/p>\n\n\n\n<p><strong><mark style=\"background-color:rgba(0, 0, 0, 0)\" class=\"has-inline-color has-vivid-red-color\">Meie visioon: soovime tagada juurdep\u00e4\u00e4su <strong><mark style=\"background-color:rgba(0, 0, 0, 0)\" class=\"has-inline-color has-vivid-red-color\">kaasaegsetele diagnostika- ja raviv\u00f5imalustele<\/mark><\/strong><\/mark><\/strong> <strong><mark style=\"background-color:rgba(0, 0, 0, 0)\" class=\"has-inline-color has-vivid-red-color\">k\u00f5igile veritsush\u00e4irega inimestele<\/mark><\/strong><\/p>\n\n\n\n<div style=\"height:11px\" aria-hidden=\"true\" class=\"wp-block-spacer\"><\/div>\n\n\n\n<p>Veritsush\u00e4irete t\u00f6\u00f6grupi liikmetena tunneme kohustust ja \u00fchtlasi ka vastutust tagada k\u00f5igile oma patsientidele kaasaegne ja kvaliteetne meditsiiniline abi, mist\u00f5ttu panustame pidevalt eneset\u00e4iendamisse. Kuulume erialaselt Euroopa Veritsushaiguste Assotsiatsiooni (ingl. k <em>European Association of Haemophilia and Allied Diseases, EAHAD<\/em>), Maailma Hemofiilia \u00dchendusse (ingl. k World Federation of Hemophilia, WFH), Rahvusvahelisse Tromboosi ja Hemostaasi Assotsiatsiooni (ingl. k <em>International Society on Thrombosis and Haemostasis,<\/em> <em>ISTH<\/em>), Euroopa Hematoloogide Assotsiatsiooni (<em>European Hematology Association<\/em>,<em> EHA<\/em>) ning teeme tihedat koost\u00f6\u00f6d nii P\u00f5hjamaade kui Balti regiooni kolleegidega.&nbsp;&nbsp;<\/p>\n\n\n\n<div style=\"height:39px\" aria-hidden=\"true\" class=\"wp-block-spacer\"><\/div>\n\n\n\n<p><strong>Allj\u00e4rgnevalt on toodud viimaste aastate erialased t\u00e4iendkoolitused, kus meie t\u00f6\u00f6grupi liikmed on osalenud:<\/strong><\/p>\n\n\n\n<ul class=\"wp-block-list\">\n<li>Maailma Hemofiilia \u00dchenduse Aastakongress <em>WFH<\/em> 2022 Montrealis&nbsp;<\/li>\n\n\n\n<li>Rahvusvahelise Tromboosi ja Hemostaasi Assotsiatsiooni Aastakongress <em>ISTH<\/em> 2022 Reykjavikis<\/li>\n\n\n\n<li>P\u00f5hjamaade Hemofiiliale p\u00fchendatud konverents <em>Nordic Hemophilia Days <\/em>2022 Helsingis<\/li>\n\n\n\n<li>Euroopa Veritsushaiguste Assotsiatsiooni Aastakongress <em>EAHAD<\/em> 2023 Manchesteris&nbsp;<\/li>\n\n\n\n<li>Euroopa Veritsushaiguste Assotsiatsiooni Aastakongress <em>EAHAD<\/em> 2024 Frankfurdis<\/li>\n\n\n\n<li>Euroopa Veritsushaiguste Assotsiatsiooni Aastakongress <em>EAHAD<\/em> 2025 Milaanos<\/li>\n<\/ul>\n\n\n\n<p><\/p>\n","protected":false},"excerpt":{"rendered":"<p>P\u00f5hja-Eesti veritsush\u00e4irete \u00fcksus moodustati aastal 2020 eesm\u00e4rgiga tagada veritsush\u00e4iretega patsientide parim v\u00f5imalik diagnostiline ning ravik\u00e4sitlus. Veritsush\u00e4irete \u00fcksuse alla kuuluv veritsush\u00e4irete t\u00f6\u00f6grupp on tegutsenud eelnevalt juba mitmeid aastaid, kuid alates 2020.a. on tegu \u00fcksuse ametliku t\u00f6\u00f6grupiga. Meie peamiseks mureks ning probleemkohaks on alati olnud patsientide v\u00e4hene teadlikkus veritsusprobleemidest, sageli just naiste puhul. Paljud veritsusprobleemidega naised ei [&hellip;]<\/p>\n","protected":false},"author":1,"featured_media":0,"parent":0,"menu_order":0,"comment_status":"closed","ping_status":"closed","template":"","meta":{"_monsterinsights_skip_tracking":false,"_monsterinsights_sitenote_active":false,"_monsterinsights_sitenote_note":"","_monsterinsights_sitenote_category":0,"footnotes":""},"class_list":["post-226","page","type-page","status-publish","hentry"],"translation":{"provider":"WPGlobus","version":"3.0.0","language":"en","enabled_languages":["et","en"],"languages":{"et":{"title":true,"content":true,"excerpt":false},"en":{"title":false,"content":false,"excerpt":false}}},"_links":{"self":[{"href":"https:\/\/hemofiiliapaev.ee\/en\/wp-json\/wp\/v2\/pages\/226","targetHints":{"allow":["GET"]}}],"collection":[{"href":"https:\/\/hemofiiliapaev.ee\/en\/wp-json\/wp\/v2\/pages"}],"about":[{"href":"https:\/\/hemofiiliapaev.ee\/en\/wp-json\/wp\/v2\/types\/page"}],"author":[{"embeddable":true,"href":"https:\/\/hemofiiliapaev.ee\/en\/wp-json\/wp\/v2\/users\/1"}],"replies":[{"embeddable":true,"href":"https:\/\/hemofiiliapaev.ee\/en\/wp-json\/wp\/v2\/comments?post=226"}],"version-history":[{"count":9,"href":"https:\/\/hemofiiliapaev.ee\/en\/wp-json\/wp\/v2\/pages\/226\/revisions"}],"predecessor-version":[{"id":485,"href":"https:\/\/hemofiiliapaev.ee\/en\/wp-json\/wp\/v2\/pages\/226\/revisions\/485"}],"wp:attachment":[{"href":"https:\/\/hemofiiliapaev.ee\/en\/wp-json\/wp\/v2\/media?parent=226"}],"curies":[{"name":"wp","href":"https:\/\/api.w.org\/{rel}","templated":true}]}}