{"id":303,"date":"2023-04-06T07:09:58","date_gmt":"2023-04-06T07:09:58","guid":{"rendered":"https:\/\/hemofiiliapaev.ee\/?page_id=303"},"modified":"2025-04-16T19:55:26","modified_gmt":"2025-04-16T19:55:26","slug":"home","status":"publish","type":"page","link":"https:\/\/hemofiiliapaev.ee\/en\/","title":{"rendered":"Avaleht"},"content":{"rendered":"\n<p><\/p>\n\n\n\n<p><\/p>\n\n\n\n<p><\/p>\n\n\n\n<h2 class=\"wp-block-heading\"><strong><mark style=\"background-color:rgba(0, 0, 0, 0)\" class=\"has-inline-color has-vivid-red-color\">Hemofiiliap\u00e4ev 2025<\/mark><\/strong><\/h2>\n\n\n\n<p><\/p>\n\n\n\n<p><strong>17. aprillil t\u00e4histatakse terves maailmas Hemofiiliap\u00e4eva!<\/strong><\/p>\n\n\n\n<p>Ajalooliselt on kaasas\u00fcndinud veritsush\u00e4irete esinemist seostatud rohkem meessooga ning pikalt on esinenud v\u00e4\u00e4rarusaamad h\u00fc\u00fcbimish\u00e4irete mitte-esinemisest naistel. T\u00e4nap\u00e4eval on muutunud \u00fcha olulisemaks naistel esinevate kaasas\u00fcndinud h\u00fc\u00fcbimish\u00e4irete teadvustamine. Need m\u00f5jutavad naiste toimetulekut igap\u00e4evaeluga, p\u00f5hjustades koolist, t\u00f6\u00f6lt, treeningutelt puudumist, \u00e4revust, f\u00fc\u00fcsilise ja vaimse heaolu langust.&nbsp;<\/p>\n\n\n\n<p><strong>Sellel aastal keskendubki Maailma Hemofiilia F\u00f6deratsioon (World Federation of Hemophilia) hemofiiliap\u00e4eva puhul t\u00fcdrukute ja naiste tervisele (\u201cAccess for all: women and girls bleed too\u201d).&nbsp;<\/strong><\/p>\n\n\n\n<div style=\"height:22px\" aria-hidden=\"true\" class=\"wp-block-spacer\"><\/div>\n\n\n\n<p><mark style=\"background-color:rgba(0, 0, 0, 0)\" class=\"has-inline-color has-vivid-red-color\"><strong>V\u00f5imalikud veritsush\u00e4ire s\u00fcmptomid fertiilses eas naistel<\/strong>:\u00a0<\/mark><\/p>\n\n\n\n<ul class=\"wp-block-list\">\n<li>vererohked menstruatsioonid (menorraagia)\n<ul class=\"wp-block-list\">\n<li>veritsuse kestus \u00fcle 7 p\u00e4eva<\/li>\n\n\n\n<li>h\u00fcgieenivahendi vahetamine iga 2h tagant v\u00f5i sagedamini<\/li>\n\n\n\n<li>lekkimine, topelt h\u00fcgieenivahendi kasutamine<\/li>\n\n\n\n<li>\u00fcle 2,5 cm suurused h\u00fc\u00fcbed<\/li>\n<\/ul>\n<\/li>\n\n\n\n<li>organismi rauavaegus v\u00f5i juba v\u00e4ljakujunenud rauavaeguslik aneemia<\/li>\n\n\n\n<li>suur veritsus v\u00e4ikeste kirurgiliste protseduuride, hamba-eemaldamise ja\/v\u00f5i s\u00fcnnituse j\u00e4rgselt<\/li>\n\n\n\n<li>sagedased ninaverejooksud, mis kestavad kauem kui 10 minutit<\/li>\n\n\n\n<li>pikenenud veritsus (kauem kui 5 min) v\u00e4ikestest haavadest&nbsp;<\/li>\n\n\n\n<li>sage suurte (peopesasuuruste) verevalumite\/sinikate teke nahale<\/li>\n<\/ul>\n\n\n\n<div style=\"height:22px\" aria-hidden=\"true\" class=\"wp-block-spacer\"><\/div>\n\n\n\n<p><strong>Naistel k\u00f5ige sagedamini esinev veritsush\u00e4ire on von Willebrandi t\u00f5bi (vWT), mis esineb kuni 1%-l inimkonnast.<\/strong> vWT esineb v\u00f5rdselt nii meestel kui naistel. Tegemist on kaasas\u00fcndinud veritsush\u00e4irega, mille puhul on iseloomulik von Willebrandi faktori (valk, mida on vaja verejooksu peatamiseks kahjustuskohal) puudus v\u00f5i defekt organismis.<strong> Haiguse puhul v\u00f5ivad esineda sagedased naha ja limaskestade veritsused, naistel sealhulgas vererohked menstruatsioonid.&nbsp;<\/strong><\/p>\n\n\n\n<p>Naistel ja t\u00fcdrukutel v\u00f5ib esineda ka kerge hemofiilia. Hemofiiliat p\u00f5hjustavat geenimutatsiooni kandvatel naistel v\u00f5ib h\u00fc\u00fcbimisvalgu hulk organismis olla langenud, mis p\u00f5hjustab kerge s\u00fcmptomaatikaga hemofiiliat. Vahel kutsutakse neid naisi ka \u201cs\u00fcmptomaatilisteks geenikandjateks\u201d.&nbsp;<\/p>\n\n\n\n<p>On olemas veel mitmed harvaesinevad h\u00fc\u00fcbimisvalgu h\u00e4ired (nt d\u00fcsfibrinogeneemia v\u00f5i h\u00fcpo\/afibrinogeneemia, II, VII, XI ja XIII faktori defitsiidid) ja trombots\u00fc\u00fctide funktsiooni h\u00e4ired, mille puhul on v\u00f5rdselt haigestunud nii naised kui mehed.&nbsp;<\/p>\n\n\n\n<p><strong>Kuigi veritsush\u00e4iret p\u00f5devatel naistel ja meestel esinevad paljuski sarnased s\u00fcmptomid, v\u00f5ib naistel olla komplikatsioone seoses menstruatsioonide, raseduse ja s\u00fcnnitusega. Kui arstil puuduvad veritsuseh\u00e4irete osas baasteadmised, v\u00f5ib see viia veritsush\u00e4ire diagnoosi hilinemise v\u00f5i vale diagnoosini, mis omakorda v\u00f5ib p\u00f5hjustada raskeid veritsusega seotud probleeme.&nbsp;<\/strong><\/p>\n\n\n\n<p><strong><mark style=\"background-color:rgba(0, 0, 0, 0)\" class=\"has-inline-color has-vivid-red-color\">Kui verd voolab ojadena ja kahtled, siis kontrolli!<\/mark><\/strong><\/p>\n\n\n\n<div style=\"height:22px\" aria-hidden=\"true\" class=\"wp-block-spacer\"><\/div>\n\n\n\n<figure class=\"wp-block-image size-large\"><img loading=\"lazy\" decoding=\"async\" width=\"724\" height=\"1024\" src=\"https:\/\/hemofiiliapaev.ee\/wp-content\/uploads\/2025\/04\/www.hemofiiliapaev.ee-2-724x1024.png\" alt=\"\" class=\"wp-image-357\" srcset=\"https:\/\/hemofiiliapaev.ee\/wp-content\/uploads\/2025\/04\/www.hemofiiliapaev.ee-2-724x1024.png 724w, https:\/\/hemofiiliapaev.ee\/wp-content\/uploads\/2025\/04\/www.hemofiiliapaev.ee-2-212x300.png 212w, https:\/\/hemofiiliapaev.ee\/wp-content\/uploads\/2025\/04\/www.hemofiiliapaev.ee-2-768x1086.png 768w, https:\/\/hemofiiliapaev.ee\/wp-content\/uploads\/2025\/04\/www.hemofiiliapaev.ee-2-1086x1536.png 1086w, https:\/\/hemofiiliapaev.ee\/wp-content\/uploads\/2025\/04\/www.hemofiiliapaev.ee-2.png 1414w\" sizes=\"auto, (max-width: 724px) 100vw, 724px\" \/><\/figure>\n\n\n\n<div style=\"height:58px\" aria-hidden=\"true\" class=\"wp-block-spacer\"><\/div>\n\n\n\n<h2 class=\"wp-block-heading\"><mark style=\"background-color:rgba(0, 0, 0, 0)\" class=\"has-inline-color has-vivid-red-color\">Kampaania 2023<\/mark> <mark style=\"background-color:rgba(0, 0, 0, 0)\" class=\"has-inline-color has-vivid-red-color\">&#8220;LIIGA PAHAD P\u00c4EVAD&#8221;<\/mark><\/h2>\n\n\n\n<p>Menstruatsioonist r\u00e4\u00e4kimine ei ole kerge!<\/p>\n\n\n\n<p>Paljud naised kannatavad raske menstruatsiooniaegse verekaotuse all, paljud ei tea, kui palju on liiga palju ning suur osa naisi arvab, et m\u00e4rkimisv\u00e4\u00e4rne verehulk p\u00e4evade ajal on tavap\u00e4rane.<\/p>\n\n\n\n<figure class=\"wp-block-embed is-type-video is-provider-vimeo wp-block-embed-vimeo wp-embed-aspect-16-9 wp-has-aspect-ratio\"><div class=\"wp-block-embed__wrapper\">\n<iframe loading=\"lazy\" title=\"#liigapahadp\u00e4evad\" src=\"https:\/\/player.vimeo.com\/video\/818612369?dnt=1&amp;app_id=122963\" width=\"810\" height=\"456\" frameborder=\"0\" allow=\"autoplay; fullscreen; picture-in-picture; clipboard-write; encrypted-media\"><\/iframe>\n<\/div><\/figure>\n\n\n\n<p><mark style=\"background-color:rgba(0, 0, 0, 0)\" class=\"has-inline-color has-vivid-red-color\">#liigapahadp\u00e4evad<\/mark><\/p>\n\n\n\n<div style=\"height:31px\" aria-hidden=\"true\" class=\"wp-block-spacer\"><\/div>\n\n\n\n<p>T\u00e4name k\u00f5iki toetajaid, kes on meil aidanud kampaaniat ellu kutsuda!<\/p>\n\n\n\n<figure class=\"wp-block-image size-large\"><img loading=\"lazy\" decoding=\"async\" width=\"1024\" height=\"577\" src=\"https:\/\/hemofiiliapaev.ee\/wp-content\/uploads\/2023\/04\/Nimetu-kujundus-1024x577.png\" alt=\"\" class=\"wp-image-314\" srcset=\"https:\/\/hemofiiliapaev.ee\/wp-content\/uploads\/2023\/04\/Nimetu-kujundus-1024x577.png 1024w, https:\/\/hemofiiliapaev.ee\/wp-content\/uploads\/2023\/04\/Nimetu-kujundus-300x169.png 300w, https:\/\/hemofiiliapaev.ee\/wp-content\/uploads\/2023\/04\/Nimetu-kujundus-768x433.png 768w, https:\/\/hemofiiliapaev.ee\/wp-content\/uploads\/2023\/04\/Nimetu-kujundus-1536x865.png 1536w, https:\/\/hemofiiliapaev.ee\/wp-content\/uploads\/2023\/04\/Nimetu-kujundus.png 1640w\" sizes=\"auto, (max-width: 1024px) 100vw, 1024px\" \/><\/figure>\n\n\n\n<div style=\"height:81px\" aria-hidden=\"true\" class=\"wp-block-spacer\"><\/div>\n\n\n\n<h2 class=\"wp-block-heading\"><mark style=\"background-color:rgba(0, 0, 0, 0)\" class=\"has-inline-color has-vivid-red-color\">Kampaania 2021 \u201cOKASROOSIKE\u201d&nbsp;<\/mark><\/h2>\n\n\n\n<p>Veritsush\u00e4irete osas Eesti elanikkonna teadlikkuse t\u00f5stmisega alustasime 2021. aastal, mil toimus&nbsp;<strong>virtuaalne seminaridesari \u201cVeritsush\u00e4irega patsient\u201d<\/strong>&nbsp;ning&nbsp;<strong>kampaania \u201eOkasroosike\u201c<\/strong>. <\/p>\n\n\n\n<p><strong>Okasroosikese kampaania raames s\u00fcndinud v\u00e4liinstallatsioone sai vaadelda erinevate losside ja linnuste nii Tallinnas Kadriorus, Tartus, Rakveres, Narvas, Viljandis, Kuressaares, Haapsalus kui ka P\u00f5ltsamaal.<\/strong><\/p>\n\n\n\n<div style=\"height:31px\" aria-hidden=\"true\" class=\"wp-block-spacer\"><\/div>\n\n\n\n<figure class=\"wp-block-image size-large\"><img loading=\"lazy\" decoding=\"async\" width=\"1024\" height=\"683\" src=\"https:\/\/hemofiiliapaev.ee\/wp-content\/uploads\/2021\/04\/DSC05722-1024x683.jpg\" alt=\"\" class=\"wp-image-120\" srcset=\"https:\/\/hemofiiliapaev.ee\/wp-content\/uploads\/2021\/04\/DSC05722-1024x683.jpg 1024w, https:\/\/hemofiiliapaev.ee\/wp-content\/uploads\/2021\/04\/DSC05722-300x200.jpg 300w, https:\/\/hemofiiliapaev.ee\/wp-content\/uploads\/2021\/04\/DSC05722-768x512.jpg 768w, https:\/\/hemofiiliapaev.ee\/wp-content\/uploads\/2021\/04\/DSC05722-1536x1024.jpg 1536w, https:\/\/hemofiiliapaev.ee\/wp-content\/uploads\/2021\/04\/DSC05722-2048x1365.jpg 2048w, https:\/\/hemofiiliapaev.ee\/wp-content\/uploads\/2021\/04\/DSC05722-570x380.jpg 570w\" sizes=\"auto, (max-width: 1024px) 100vw, 1024px\" \/><\/figure>\n","protected":false},"excerpt":{"rendered":"<p>Hemofiiliap\u00e4ev 2025 17. aprillil t\u00e4histatakse terves maailmas Hemofiiliap\u00e4eva! Ajalooliselt on kaasas\u00fcndinud veritsush\u00e4irete esinemist seostatud rohkem meessooga ning pikalt on esinenud v\u00e4\u00e4rarusaamad h\u00fc\u00fcbimish\u00e4irete mitte-esinemisest naistel. T\u00e4nap\u00e4eval on muutunud \u00fcha olulisemaks naistel esinevate kaasas\u00fcndinud h\u00fc\u00fcbimish\u00e4irete teadvustamine. Need m\u00f5jutavad naiste toimetulekut igap\u00e4evaeluga, p\u00f5hjustades koolist, t\u00f6\u00f6lt, treeningutelt puudumist, \u00e4revust, f\u00fc\u00fcsilise ja vaimse heaolu langust.&nbsp; Sellel aastal keskendubki Maailma Hemofiilia [&hellip;]<\/p>\n","protected":false},"author":1,"featured_media":0,"parent":0,"menu_order":0,"comment_status":"closed","ping_status":"closed","template":"","meta":{"_monsterinsights_skip_tracking":false,"_monsterinsights_sitenote_active":false,"_monsterinsights_sitenote_note":"","_monsterinsights_sitenote_category":0,"footnotes":""},"class_list":["post-303","page","type-page","status-publish","hentry"],"translation":{"provider":"WPGlobus","version":"3.0.0","language":"en","enabled_languages":["et","en"],"languages":{"et":{"title":true,"content":true,"excerpt":false},"en":{"title":false,"content":false,"excerpt":false}}},"_links":{"self":[{"href":"https:\/\/hemofiiliapaev.ee\/en\/wp-json\/wp\/v2\/pages\/303","targetHints":{"allow":["GET"]}}],"collection":[{"href":"https:\/\/hemofiiliapaev.ee\/en\/wp-json\/wp\/v2\/pages"}],"about":[{"href":"https:\/\/hemofiiliapaev.ee\/en\/wp-json\/wp\/v2\/types\/page"}],"author":[{"embeddable":true,"href":"https:\/\/hemofiiliapaev.ee\/en\/wp-json\/wp\/v2\/users\/1"}],"replies":[{"embeddable":true,"href":"https:\/\/hemofiiliapaev.ee\/en\/wp-json\/wp\/v2\/comments?post=303"}],"version-history":[{"count":22,"href":"https:\/\/hemofiiliapaev.ee\/en\/wp-json\/wp\/v2\/pages\/303\/revisions"}],"predecessor-version":[{"id":484,"href":"https:\/\/hemofiiliapaev.ee\/en\/wp-json\/wp\/v2\/pages\/303\/revisions\/484"}],"wp:attachment":[{"href":"https:\/\/hemofiiliapaev.ee\/en\/wp-json\/wp\/v2\/media?parent=303"}],"curies":[{"name":"wp","href":"https:\/\/api.w.org\/{rel}","templated":true}]}}